{"id":2625,"date":"2025-02-28T08:52:52","date_gmt":"2025-02-28T11:52:52","guid":{"rendered":"https:\/\/www.nextcompany.com.br\/base-wcompany\/?page_id=2625"},"modified":"2025-03-05T14:47:34","modified_gmt":"2025-03-05T17:47:34","slug":"modulo-financeiro","status":"publish","type":"page","link":"https:\/\/www.nextcompany.com.br\/base-wcompany\/modulo-financeiro\/","title":{"rendered":"M\u00f3dulo Financeiro"},"content":{"rendered":"\t\t<div data-elementor-type=\"wp-page\" data-elementor-id=\"2625\" class=\"elementor elementor-2625\">\n\t\t\t\t\t\t\t\t\t<section class=\"elementor-section elementor-top-section elementor-element elementor-element-48ffdb4 elementor-section-height-min-height elementor-section-boxed elementor-section-height-default elementor-section-items-middle wpr-particle-no wpr-jarallax-no wpr-parallax-no wpr-sticky-section-no\" data-id=\"48ffdb4\" data-element_type=\"section\" data-settings=\"{&quot;background_background&quot;:&quot;classic&quot;}\">\n\t\t\t\t\t\t\t<div class=\"elementor-background-overlay\"><\/div>\n\t\t\t\t\t\t\t<div class=\"elementor-container elementor-column-gap-default\">\n\t\t\t\t\t<div class=\"elementor-column elementor-col-100 elementor-top-column elementor-element elementor-element-2dab9b6\" data-id=\"2dab9b6\" data-element_type=\"column\">\n\t\t\t<div class=\"elementor-widget-wrap elementor-element-populated\">\n\t\t\t\t\t\t\t\t<div class=\"elementor-element elementor-element-8a51263 elementor-widget elementor-widget-heading\" data-id=\"8a51263\" data-element_type=\"widget\" data-widget_type=\"heading.default\">\n\t\t\t\t<div class=\"elementor-widget-container\">\n\t\t\t<style>\/*! elementor - v3.17.0 - 25-10-2023 *\/\n.elementor-heading-title{padding:0;margin:0;line-height:1}.elementor-widget-heading .elementor-heading-title[class*=elementor-size-]>a{color:inherit;font-size:inherit;line-height:inherit}.elementor-widget-heading .elementor-heading-title.elementor-size-small{font-size:15px}.elementor-widget-heading .elementor-heading-title.elementor-size-medium{font-size:19px}.elementor-widget-heading .elementor-heading-title.elementor-size-large{font-size:29px}.elementor-widget-heading .elementor-heading-title.elementor-size-xl{font-size:39px}.elementor-widget-heading .elementor-heading-title.elementor-size-xxl{font-size:59px}<\/style><h2 class=\"elementor-heading-title elementor-size-default\">M\u00f3dulo Financeiro<\/h2>\t\t<\/div>\n\t\t\t\t<\/div>\n\t\t\t\t\t<\/div>\n\t\t<\/div>\n\t\t\t\t\t\t\t<\/div>\n\t\t<\/section>\n\t\t\t\t<section class=\"elementor-section elementor-top-section elementor-element elementor-element-9a34e08 elementor-section-boxed elementor-section-height-default elementor-section-height-default wpr-particle-no wpr-jarallax-no wpr-parallax-no wpr-sticky-section-no\" data-id=\"9a34e08\" data-element_type=\"section\">\n\t\t\t\t\t\t<div class=\"elementor-container elementor-column-gap-default\">\n\t\t\t\t\t<div class=\"elementor-column elementor-col-100 elementor-top-column elementor-element elementor-element-1563554\" data-id=\"1563554\" data-element_type=\"column\">\n\t\t\t<div class=\"elementor-widget-wrap elementor-element-populated\">\n\t\t\t\t\t\t\t\t<div class=\"elementor-element elementor-element-37a3276 elementor-widget elementor-widget-html\" data-id=\"37a3276\" data-element_type=\"widget\" data-widget_type=\"html.default\">\n\t\t\t\t<div class=\"elementor-widget-container\">\n\t\t\t<button class=\"btn-voltar\" onclick=\"history.back()\">\u2190 Voltar<\/button>\n\n<style>\n    .btn-voltar {\n        padding: 10px 15px;\n        background-color: #047cbc;\n        color: white;\n        border: none;\n        cursor: pointer;\n        border-radius: 5px;\n        font-size: 16px;\n    }\n\n    .btn-voltar:hover {\n        background-color: #005177;\n    }\n<\/style>\t\t<\/div>\n\t\t\t\t<\/div>\n\t\t\t\t<div class=\"elementor-element elementor-element-1633605 wpr-grid-columns-3 wpr-grid-columns--tablet2 wpr-grid-columns--mobile1 wpr-grid-pagination-center wpr-item-styles-inner elementor-widget elementor-widget-wpr-grid\" data-id=\"1633605\" data-element_type=\"widget\" data-widget_type=\"wpr-grid.default\">\n\t\t\t\t<div class=\"elementor-widget-container\">\n\t\t\t<ul class=\"wpr-grid-filters elementor-clearfix wpr-grid-filters-sep-right\"><li class=\" wpr-pointer-none wpr-pointer-line-fx wpr-pointer-fx-none\"><span data-filter=\"*\" class=\"wpr-active-filter \">Todos os Posts<\/span><em class=\"wpr-grid-filters-sep\"><\/em><\/li><li class=\" wpr-pointer-none wpr-pointer-line-fx wpr-pointer-fx-none\"><span  data-filter=\".tag-informativo\">Informativo<\/span><em class=\"wpr-grid-filters-sep\"><\/em><\/li><li class=\" wpr-pointer-none wpr-pointer-line-fx wpr-pointer-fx-none\"><span  data-filter=\".tag-contas-a-receber\">Contas a Receber<\/span><em class=\"wpr-grid-filters-sep\"><\/em><\/li><li class=\" wpr-pointer-none wpr-pointer-line-fx wpr-pointer-fx-none\"><span  data-filter=\".tag-contas-a-pagar\">Contas a Pagar<\/span><em class=\"wpr-grid-filters-sep\"><\/em><\/li><li class=\" wpr-pointer-none wpr-pointer-line-fx wpr-pointer-fx-none\"><span  data-filter=\".tag-cartoes\">Cart\u00f5es<\/span><em class=\"wpr-grid-filters-sep\"><\/em><\/li><li class=\" wpr-pointer-none wpr-pointer-line-fx wpr-pointer-fx-none\"><span  data-filter=\".tag-caixas\">Caixas<\/span><em class=\"wpr-grid-filters-sep\"><\/em><\/li><li class=\" wpr-pointer-none wpr-pointer-line-fx wpr-pointer-fx-none\"><span  data-filter=\".tag-bancos\">Bancos<\/span><em class=\"wpr-grid-filters-sep\"><\/em><\/li><\/ul><section class=\"wpr-grid elementor-clearfix\" data-settings=\"{&quot;layout&quot;:&quot;fitRows&quot;,&quot;stick_last_element_to_bottom&quot;:&quot;&quot;,&quot;columns_desktop&quot;:3,&quot;gutter_hr&quot;:15,&quot;gutter_hr_mobile&quot;:15,&quot;gutter_hr_mobile_extra&quot;:15,&quot;gutter_hr_tablet&quot;:15,&quot;gutter_hr_tablet_extra&quot;:15,&quot;gutter_hr_laptop&quot;:15,&quot;gutter_hr_widescreen&quot;:15,&quot;gutter_vr&quot;:15,&quot;gutter_vr_mobile&quot;:15,&quot;gutter_vr_mobile_extra&quot;:15,&quot;gutter_vr_tablet&quot;:15,&quot;gutter_vr_tablet_extra&quot;:15,&quot;gutter_vr_laptop&quot;:15,&quot;gutter_vr_widescreen&quot;:15,&quot;animation&quot;:&quot;default&quot;,&quot;animation_duration&quot;:0.3,&quot;animation_delay&quot;:0.1,&quot;deeplinking&quot;:&quot;&quot;,&quot;filters_linkable&quot;:&quot;no&quot;,&quot;filters_default_filter&quot;:&quot;&quot;,&quot;filters_count&quot;:&quot;&quot;,&quot;filters_hide_empty&quot;:&quot;no&quot;,&quot;filters_animation&quot;:&quot;default&quot;,&quot;filters_animation_duration&quot;:0.3,&quot;filters_animation_delay&quot;:0.1,&quot;pagination_type&quot;:&quot;load-more&quot;,&quot;pagination_max_pages&quot;:5,&quot;lightbox&quot;:{&quot;selector&quot;:&quot;.wpr-grid-image-wrap&quot;,&quot;iframeMaxWidth&quot;:&quot;60%&quot;,&quot;hash&quot;:false,&quot;autoplay&quot;:&quot;true&quot;,&quot;pause&quot;:5000,&quot;progressBar&quot;:&quot;true&quot;,&quot;counter&quot;:&quot;true&quot;,&quot;controls&quot;:&quot;true&quot;,&quot;getCaptionFromTitleOrAlt&quot;:&quot;true&quot;,&quot;thumbnail&quot;:&quot;&quot;,&quot;showThumbByDefault&quot;:&quot;&quot;,&quot;share&quot;:&quot;&quot;,&quot;zoom&quot;:&quot;true&quot;,&quot;fullScreen&quot;:&quot;true&quot;,&quot;download&quot;:&quot;true&quot;}}\"><article class=\"wpr-grid-item elementor-clearfix post-2746 post type-post status-publish format-standard hentry category-caixa-banco tag-abertura tag-bancos tag-consultas\"><div class=\"wpr-grid-item-inner\"><div class=\"wpr-grid-item-below-content elementor-clearfix\"><h2 class=\"wpr-grid-item-title elementor-repeater-item-7291167 wpr-grid-item-display-block wpr-grid-item-align-left wpr-pointer-none wpr-pointer-line-fx wpr-pointer-fx-fade\"><div class=\"inner-block\"><a target=\"_self\"  href=\"https:\/\/www.nextcompany.com.br\/base-wcompany\/como-realizar-consultar-todas-as-aberturas-bancarias-realizadas\/\">Como realizar consultar todas as aberturas banc\u00e1rias realizadas<\/a><\/div><\/h2><div class=\"wpr-grid-item-date elementor-repeater-item-277096f wpr-grid-item-display-inline wpr-grid-item-align-left\"><div class=\"inner-block\"><span>10 de mar\u00e7o de 2025<span class=\"wpr-grid-extra-text-right\">\/<\/span><\/span><\/div><\/div><div class=\"wpr-grid-item-comments elementor-repeater-item-69df0d7 wpr-grid-item-display-inline wpr-grid-item-align-left\"><div class=\"inner-block\"><a href=\"https:\/\/www.nextcompany.com.br\/base-wcompany\/como-realizar-consultar-todas-as-aberturas-bancarias-realizadas\/#respond\"><span>No Comments<\/span><\/a><\/div><\/div><div class=\"wpr-grid-item-excerpt elementor-repeater-item-bbf9748 wpr-grid-item-display-block wpr-grid-item-align-left\"><div class=\"inner-block\"><p>Para realizar a consulta de aberturas banc\u00e1rias no sistema, v\u00e1 at\u00e9 a rotina 231. Gerenciar movimentos banc\u00e1rios, assim que chegar&hellip;<\/p><\/div><\/div><div class=\"wpr-grid-item-read-more elementor-repeater-item-1691da0 wpr-grid-item-display-block wpr-grid-item-align-left\"><div class=\"inner-block\"><a target=\"_self\" href=\"https:\/\/www.nextcompany.com.br\/base-wcompany\/como-realizar-consultar-todas-as-aberturas-bancarias-realizadas\/\" class=\"wpr-button-effect wpr-button-none\"><span>Saiba Mais...<\/span><\/a><\/div><\/div><\/div><\/div><\/article><article class=\"wpr-grid-item elementor-clearfix post-2738 post type-post status-publish format-standard hentry category-caixa-banco tag-abertura tag-bancos\"><div class=\"wpr-grid-item-inner\"><div class=\"wpr-grid-item-below-content elementor-clearfix\"><h2 class=\"wpr-grid-item-title elementor-repeater-item-7291167 wpr-grid-item-display-block wpr-grid-item-align-left wpr-pointer-none wpr-pointer-line-fx wpr-pointer-fx-fade\"><div class=\"inner-block\"><a target=\"_self\"  href=\"https:\/\/www.nextcompany.com.br\/base-wcompany\/como-realizar-abertura-bancaria\/\">Como realizar abertura banc\u00e1ria<\/a><\/div><\/h2><div class=\"wpr-grid-item-date elementor-repeater-item-277096f wpr-grid-item-display-inline wpr-grid-item-align-left\"><div class=\"inner-block\"><span>1 de mar\u00e7o de 2025<span class=\"wpr-grid-extra-text-right\">\/<\/span><\/span><\/div><\/div><div class=\"wpr-grid-item-comments elementor-repeater-item-69df0d7 wpr-grid-item-display-inline wpr-grid-item-align-left\"><div class=\"inner-block\"><a href=\"https:\/\/www.nextcompany.com.br\/base-wcompany\/como-realizar-abertura-bancaria\/#respond\"><span>No Comments<\/span><\/a><\/div><\/div><div class=\"wpr-grid-item-excerpt elementor-repeater-item-bbf9748 wpr-grid-item-display-block wpr-grid-item-align-left\"><div class=\"inner-block\"><p>Para realizar a abertura banc\u00e1ria no wCompany, \u00e9 necess\u00e1rio que primeiro, v\u00e1 at\u00e9 a rotina 231. Gerenciar Movimentos Banc\u00e1rios, nessa&hellip;<\/p><\/div><\/div><div class=\"wpr-grid-item-read-more elementor-repeater-item-1691da0 wpr-grid-item-display-block wpr-grid-item-align-left\"><div class=\"inner-block\"><a target=\"_self\" href=\"https:\/\/www.nextcompany.com.br\/base-wcompany\/como-realizar-abertura-bancaria\/\" class=\"wpr-button-effect wpr-button-none\"><span>Saiba Mais...<\/span><\/a><\/div><\/div><\/div><\/div><\/article><article class=\"wpr-grid-item elementor-clearfix post-2318 post type-post status-publish format-standard hentry category-caixa-banco tag-bancos tag-contas-a-receber\"><div class=\"wpr-grid-item-inner\"><div class=\"wpr-grid-item-below-content elementor-clearfix\"><h2 class=\"wpr-grid-item-title elementor-repeater-item-7291167 wpr-grid-item-display-block wpr-grid-item-align-left wpr-pointer-none wpr-pointer-line-fx wpr-pointer-fx-fade\"><div class=\"inner-block\"><a target=\"_self\"  href=\"https:\/\/www.nextcompany.com.br\/base-wcompany\/como-baixar-contas-a-receber-com-imposto-retido-na-fonte\/\">Como baixar contas a receber com imposto retido na fonte<\/a><\/div><\/h2><div class=\"wpr-grid-item-date elementor-repeater-item-277096f wpr-grid-item-display-inline wpr-grid-item-align-left\"><div class=\"inner-block\"><span>23 de janeiro de 2025<span class=\"wpr-grid-extra-text-right\">\/<\/span><\/span><\/div><\/div><div class=\"wpr-grid-item-comments elementor-repeater-item-69df0d7 wpr-grid-item-display-inline wpr-grid-item-align-left\"><div class=\"inner-block\"><a href=\"https:\/\/www.nextcompany.com.br\/base-wcompany\/como-baixar-contas-a-receber-com-imposto-retido-na-fonte\/#respond\"><span>No Comments<\/span><\/a><\/div><\/div><div class=\"wpr-grid-item-excerpt elementor-repeater-item-bbf9748 wpr-grid-item-display-block wpr-grid-item-align-left\"><div class=\"inner-block\"><p>Esse processo tem como objetivo trazer para o usu\u00e1rio o conhecimento sobre como baixar contas a receber caso essa conta&hellip;<\/p><\/div><\/div><div class=\"wpr-grid-item-read-more elementor-repeater-item-1691da0 wpr-grid-item-display-block wpr-grid-item-align-left\"><div class=\"inner-block\"><a target=\"_self\" href=\"https:\/\/www.nextcompany.com.br\/base-wcompany\/como-baixar-contas-a-receber-com-imposto-retido-na-fonte\/\" class=\"wpr-button-effect wpr-button-none\"><span>Saiba Mais...<\/span><\/a><\/div><\/div><\/div><\/div><\/article><article class=\"wpr-grid-item elementor-clearfix post-2243 post type-post status-publish format-standard hentry category-caixa-banco category-contas-pagar-receber tag-cartoes\"><div class=\"wpr-grid-item-inner\"><div class=\"wpr-grid-item-below-content elementor-clearfix\"><h2 class=\"wpr-grid-item-title elementor-repeater-item-7291167 wpr-grid-item-display-block wpr-grid-item-align-left wpr-pointer-none wpr-pointer-line-fx wpr-pointer-fx-fade\"><div class=\"inner-block\"><a target=\"_self\"  href=\"https:\/\/www.nextcompany.com.br\/base-wcompany\/criando-despesas-com-cartao-corporativo\/\">Como Gerar Despesas com Cart\u00e3o Corporativo<\/a><\/div><\/h2><div class=\"wpr-grid-item-date elementor-repeater-item-277096f wpr-grid-item-display-inline wpr-grid-item-align-left\"><div class=\"inner-block\"><span>17 de janeiro de 2025<span class=\"wpr-grid-extra-text-right\">\/<\/span><\/span><\/div><\/div><div class=\"wpr-grid-item-comments elementor-repeater-item-69df0d7 wpr-grid-item-display-inline wpr-grid-item-align-left\"><div class=\"inner-block\"><a href=\"https:\/\/www.nextcompany.com.br\/base-wcompany\/criando-despesas-com-cartao-corporativo\/#respond\"><span>No Comments<\/span><\/a><\/div><\/div><div class=\"wpr-grid-item-excerpt elementor-repeater-item-bbf9748 wpr-grid-item-display-block wpr-grid-item-align-left\"><div class=\"inner-block\"><p>Outra forma para gerar despesas ao cart\u00e3o corporativo \u00e9 atrav\u00e9s da tela 21C2.Lan\u00e7ar Despesas Com Cart\u00e3o de Cr\u00e9dito Corporativo, utilize&hellip;<\/p><\/div><\/div><div class=\"wpr-grid-item-read-more elementor-repeater-item-1691da0 wpr-grid-item-display-block wpr-grid-item-align-left\"><div class=\"inner-block\"><a target=\"_self\" href=\"https:\/\/www.nextcompany.com.br\/base-wcompany\/criando-despesas-com-cartao-corporativo\/\" class=\"wpr-button-effect wpr-button-none\"><span>Saiba Mais...<\/span><\/a><\/div><\/div><\/div><\/div><\/article><article class=\"wpr-grid-item elementor-clearfix post-2112 post type-post status-publish format-standard hentry category-caixa-banco tag-cartoes\"><div class=\"wpr-grid-item-inner\"><div class=\"wpr-grid-item-below-content elementor-clearfix\"><h2 class=\"wpr-grid-item-title elementor-repeater-item-7291167 wpr-grid-item-display-block wpr-grid-item-align-left wpr-pointer-none wpr-pointer-line-fx wpr-pointer-fx-fade\"><div class=\"inner-block\"><a target=\"_self\"  href=\"https:\/\/www.nextcompany.com.br\/base-wcompany\/trocando-de-cartao-em-contas-a-pagar\/\">Como trocar de cart\u00e3o em contas a pagar.<\/a><\/div><\/h2><div class=\"wpr-grid-item-date elementor-repeater-item-277096f wpr-grid-item-display-inline wpr-grid-item-align-left\"><div class=\"inner-block\"><span>16 de janeiro de 2025<span class=\"wpr-grid-extra-text-right\">\/<\/span><\/span><\/div><\/div><div class=\"wpr-grid-item-comments elementor-repeater-item-69df0d7 wpr-grid-item-display-inline wpr-grid-item-align-left\"><div class=\"inner-block\"><a href=\"https:\/\/www.nextcompany.com.br\/base-wcompany\/trocando-de-cartao-em-contas-a-pagar\/#respond\"><span>No Comments<\/span><\/a><\/div><\/div><div class=\"wpr-grid-item-excerpt elementor-repeater-item-bbf9748 wpr-grid-item-display-block wpr-grid-item-align-left\"><div class=\"inner-block\"><p>V\u00e1 at\u00e9 a tela 2111. Gerenciar contas a Pagar, Busque pela conta a qual voc\u00ea deseja realizar a troca de&hellip;<\/p><\/div><\/div><div class=\"wpr-grid-item-read-more elementor-repeater-item-1691da0 wpr-grid-item-display-block wpr-grid-item-align-left\"><div class=\"inner-block\"><a target=\"_self\" href=\"https:\/\/www.nextcompany.com.br\/base-wcompany\/trocando-de-cartao-em-contas-a-pagar\/\" class=\"wpr-button-effect wpr-button-none\"><span>Saiba Mais...<\/span><\/a><\/div><\/div><\/div><\/div><\/article><article class=\"wpr-grid-item elementor-clearfix post-2117 post type-post status-publish format-standard hentry category-caixa-banco tag-cartoes\"><div class=\"wpr-grid-item-inner\"><div class=\"wpr-grid-item-below-content elementor-clearfix\"><h2 class=\"wpr-grid-item-title elementor-repeater-item-7291167 wpr-grid-item-display-block wpr-grid-item-align-left wpr-pointer-none wpr-pointer-line-fx wpr-pointer-fx-fade\"><div class=\"inner-block\"><a target=\"_self\"  href=\"https:\/\/www.nextcompany.com.br\/base-wcompany\/pagando-a-fatura-de-cartao-corporativo\/\">Como realizar o pagamento da fatura de cart\u00e3o corporativo<\/a><\/div><\/h2><div class=\"wpr-grid-item-date elementor-repeater-item-277096f wpr-grid-item-display-inline wpr-grid-item-align-left\"><div class=\"inner-block\"><span>16 de janeiro de 2025<span class=\"wpr-grid-extra-text-right\">\/<\/span><\/span><\/div><\/div><div class=\"wpr-grid-item-comments elementor-repeater-item-69df0d7 wpr-grid-item-display-inline wpr-grid-item-align-left\"><div class=\"inner-block\"><a href=\"https:\/\/www.nextcompany.com.br\/base-wcompany\/pagando-a-fatura-de-cartao-corporativo\/#respond\"><span>No Comments<\/span><\/a><\/div><\/div><div class=\"wpr-grid-item-excerpt elementor-repeater-item-bbf9748 wpr-grid-item-display-block wpr-grid-item-align-left\"><div class=\"inner-block\"><p>Primeiramente, V\u00e1 at\u00e9 a tela 231. Gerenciar Movimento banc\u00e1rio, nessa tela selecione a conta banc\u00e1ria que deseja utilizar, atrav\u00e9s do&hellip;<\/p><\/div><\/div><div class=\"wpr-grid-item-read-more elementor-repeater-item-1691da0 wpr-grid-item-display-block wpr-grid-item-align-left\"><div class=\"inner-block\"><a target=\"_self\" href=\"https:\/\/www.nextcompany.com.br\/base-wcompany\/pagando-a-fatura-de-cartao-corporativo\/\" class=\"wpr-button-effect wpr-button-none\"><span>Saiba Mais...<\/span><\/a><\/div><\/div><\/div><\/div><\/article><article class=\"wpr-grid-item elementor-clearfix post-2104 post type-post status-publish format-standard hentry category-caixa-banco tag-cartoes\"><div class=\"wpr-grid-item-inner\"><div class=\"wpr-grid-item-below-content elementor-clearfix\"><h2 class=\"wpr-grid-item-title elementor-repeater-item-7291167 wpr-grid-item-display-block wpr-grid-item-align-left wpr-pointer-none wpr-pointer-line-fx wpr-pointer-fx-fade\"><div class=\"inner-block\"><a target=\"_self\"  href=\"https:\/\/www.nextcompany.com.br\/base-wcompany\/visualizando-a-fatura-do-cartao-corporativo\/\">Como visualizar a Fatura do Cart\u00e3o Corporativo<\/a><\/div><\/h2><div class=\"wpr-grid-item-date elementor-repeater-item-277096f wpr-grid-item-display-inline wpr-grid-item-align-left\"><div class=\"inner-block\"><span>15 de janeiro de 2025<span class=\"wpr-grid-extra-text-right\">\/<\/span><\/span><\/div><\/div><div class=\"wpr-grid-item-comments elementor-repeater-item-69df0d7 wpr-grid-item-display-inline wpr-grid-item-align-left\"><div class=\"inner-block\"><a href=\"https:\/\/www.nextcompany.com.br\/base-wcompany\/visualizando-a-fatura-do-cartao-corporativo\/#respond\"><span>No Comments<\/span><\/a><\/div><\/div><div class=\"wpr-grid-item-excerpt elementor-repeater-item-bbf9748 wpr-grid-item-display-block wpr-grid-item-align-left\"><div class=\"inner-block\"><p>Visualizando a fatura do cart\u00e3o corporativo, atrav\u00e9s da tela fatura de cart\u00e3o de cr\u00e9dito corporativo<\/p><\/div><\/div><div class=\"wpr-grid-item-read-more elementor-repeater-item-1691da0 wpr-grid-item-display-block wpr-grid-item-align-left\"><div class=\"inner-block\"><a target=\"_self\" href=\"https:\/\/www.nextcompany.com.br\/base-wcompany\/visualizando-a-fatura-do-cartao-corporativo\/\" class=\"wpr-button-effect wpr-button-none\"><span>Saiba Mais...<\/span><\/a><\/div><\/div><\/div><\/div><\/article><article class=\"wpr-grid-item elementor-clearfix post-2087 post type-post status-publish format-standard hentry category-caixa-banco tag-cartoes\"><div class=\"wpr-grid-item-inner\"><div class=\"wpr-grid-item-below-content elementor-clearfix\"><h2 class=\"wpr-grid-item-title elementor-repeater-item-7291167 wpr-grid-item-display-block wpr-grid-item-align-left wpr-pointer-none wpr-pointer-line-fx wpr-pointer-fx-fade\"><div class=\"inner-block\"><a target=\"_self\"  href=\"https:\/\/www.nextcompany.com.br\/base-wcompany\/gerando-despesas-do-cartao-corporativo\/\">Gerando despesas ao cart\u00e3o corporativo<\/a><\/div><\/h2><div class=\"wpr-grid-item-date elementor-repeater-item-277096f wpr-grid-item-display-inline wpr-grid-item-align-left\"><div class=\"inner-block\"><span>15 de janeiro de 2025<span class=\"wpr-grid-extra-text-right\">\/<\/span><\/span><\/div><\/div><div class=\"wpr-grid-item-comments elementor-repeater-item-69df0d7 wpr-grid-item-display-inline wpr-grid-item-align-left\"><div class=\"inner-block\"><a href=\"https:\/\/www.nextcompany.com.br\/base-wcompany\/gerando-despesas-do-cartao-corporativo\/#respond\"><span>No Comments<\/span><\/a><\/div><\/div><div class=\"wpr-grid-item-excerpt elementor-repeater-item-bbf9748 wpr-grid-item-display-block wpr-grid-item-align-left\"><div class=\"inner-block\"><p>Gerando despesas para o cart\u00e3o corporativo, atrav\u00e9s da tela de gerenciar compras.<\/p><\/div><\/div><div class=\"wpr-grid-item-read-more elementor-repeater-item-1691da0 wpr-grid-item-display-block wpr-grid-item-align-left\"><div class=\"inner-block\"><a target=\"_self\" href=\"https:\/\/www.nextcompany.com.br\/base-wcompany\/gerando-despesas-do-cartao-corporativo\/\" class=\"wpr-button-effect wpr-button-none\"><span>Saiba Mais...<\/span><\/a><\/div><\/div><\/div><\/div><\/article><article class=\"wpr-grid-item elementor-clearfix post-2082 post type-post status-publish format-standard hentry category-caixa-banco tag-cartoes\"><div class=\"wpr-grid-item-inner\"><div class=\"wpr-grid-item-below-content elementor-clearfix\"><h2 class=\"wpr-grid-item-title elementor-repeater-item-7291167 wpr-grid-item-display-block wpr-grid-item-align-left wpr-pointer-none wpr-pointer-line-fx wpr-pointer-fx-fade\"><div class=\"inner-block\"><a target=\"_self\"  href=\"https:\/\/www.nextcompany.com.br\/base-wcompany\/como-cadastrar-cartao-corporativo\/\">Como cadastrar cart\u00e3o corporativo<\/a><\/div><\/h2><div class=\"wpr-grid-item-date elementor-repeater-item-277096f wpr-grid-item-display-inline wpr-grid-item-align-left\"><div class=\"inner-block\"><span>15 de janeiro de 2025<span class=\"wpr-grid-extra-text-right\">\/<\/span><\/span><\/div><\/div><div class=\"wpr-grid-item-comments elementor-repeater-item-69df0d7 wpr-grid-item-display-inline wpr-grid-item-align-left\"><div class=\"inner-block\"><a href=\"https:\/\/www.nextcompany.com.br\/base-wcompany\/como-cadastrar-cartao-corporativo\/#respond\"><span>No Comments<\/span><\/a><\/div><\/div><div class=\"wpr-grid-item-excerpt elementor-repeater-item-bbf9748 wpr-grid-item-display-block wpr-grid-item-align-left\"><div class=\"inner-block\"><p>Rotina referente ao cart\u00e3o de cr\u00e9dito corporativo, desde a cria\u00e7\u00e3o at\u00e9 a gerencia de movimenta\u00e7\u00e3o.<\/p><\/div><\/div><div class=\"wpr-grid-item-read-more elementor-repeater-item-1691da0 wpr-grid-item-display-block wpr-grid-item-align-left\"><div class=\"inner-block\"><a target=\"_self\" href=\"https:\/\/www.nextcompany.com.br\/base-wcompany\/como-cadastrar-cartao-corporativo\/\" class=\"wpr-button-effect wpr-button-none\"><span>Saiba Mais...<\/span><\/a><\/div><\/div><\/div><\/div><\/article><\/section><div class=\"wpr-grid-pagination elementor-clearfix wpr-grid-pagination-load-more\"><a href=\"https:\/\/www.nextcompany.com.br\/base-wcompany\/wp-json\/wp\/v2\/pages\/2625\/page\/2\/\" class=\"wpr-load-more-btn\" data-e-disable-page-transition >Load More<\/a><div class=\"wpr-pagination-loading\"><div class=\"wpr-double-bounce\"><div class=\"wpr-child wpr-double-bounce1\"><\/div><div class=\"wpr-child wpr-double-bounce2\"><\/div><\/div><\/div><p class=\"wpr-pagination-finish\">End of Content.<\/p><\/div>\t\t<\/div>\n\t\t\t\t<\/div>\n\t\t\t\t\t<\/div>\n\t\t<\/div>\n\t\t\t\t\t\t\t<\/div>\n\t\t<\/section>\n\t\t\t\t\t\t\t<\/div>\n\t\t","protected":false},"excerpt":{"rendered":"<p>M\u00f3dulo Financeiro \u2190 Voltar Todos os Posts Informativo Contas a Receber Contas a Pagar Cart\u00f5es Caixas Bancos Como realizar abertura banc\u00e1ria 1 de mar\u00e7o de 2025\/No Comments Para realizar a abertura banc\u00e1ria no wCompany, \u00e9 necess\u00e1rio que primeiro, v\u00e1 at\u00e9 a rotina 231. Gerenciar Movimentos Banc\u00e1rios, nessa&hellip; Saiba Mais&#8230; Como baixar contas a receber com [&hellip;]<\/p>\n","protected":false},"author":9,"featured_media":0,"parent":0,"menu_order":0,"comment_status":"closed","ping_status":"closed","template":"elementor_header_footer","meta":{"footnotes":""},"class_list":["post-2625","page","type-page","status-publish","hentry"],"_links":{"self":[{"href":"https:\/\/www.nextcompany.com.br\/base-wcompany\/wp-json\/wp\/v2\/pages\/2625","targetHints":{"allow":["GET"]}}],"collection":[{"href":"https:\/\/www.nextcompany.com.br\/base-wcompany\/wp-json\/wp\/v2\/pages"}],"about":[{"href":"https:\/\/www.nextcompany.com.br\/base-wcompany\/wp-json\/wp\/v2\/types\/page"}],"author":[{"embeddable":true,"href":"https:\/\/www.nextcompany.com.br\/base-wcompany\/wp-json\/wp\/v2\/users\/9"}],"replies":[{"embeddable":true,"href":"https:\/\/www.nextcompany.com.br\/base-wcompany\/wp-json\/wp\/v2\/comments?post=2625"}],"version-history":[{"count":44,"href":"https:\/\/www.nextcompany.com.br\/base-wcompany\/wp-json\/wp\/v2\/pages\/2625\/revisions"}],"predecessor-version":[{"id":2774,"href":"https:\/\/www.nextcompany.com.br\/base-wcompany\/wp-json\/wp\/v2\/pages\/2625\/revisions\/2774"}],"wp:attachment":[{"href":"https:\/\/www.nextcompany.com.br\/base-wcompany\/wp-json\/wp\/v2\/media?parent=2625"}],"curies":[{"name":"wp","href":"https:\/\/api.w.org\/{rel}","templated":true}]}}