{"id":2687,"date":"2025-02-28T15:32:21","date_gmt":"2025-02-28T18:32:21","guid":{"rendered":"https:\/\/www.nextcompany.com.br\/base-wcompany\/?page_id=2687"},"modified":"2025-03-05T14:35:41","modified_gmt":"2025-03-05T17:35:41","slug":"modulo-comercial","status":"publish","type":"page","link":"https:\/\/www.nextcompany.com.br\/base-wcompany\/modulo-comercial\/","title":{"rendered":"M\u00f3dulo Comercial"},"content":{"rendered":"\t\t<div data-elementor-type=\"wp-page\" data-elementor-id=\"2687\" class=\"elementor elementor-2687\">\n\t\t\t\t\t\t\t\t\t<section class=\"elementor-section elementor-top-section elementor-element elementor-element-9fdd93e elementor-section-height-min-height elementor-section-boxed elementor-section-height-default elementor-section-items-middle wpr-particle-no wpr-jarallax-no wpr-parallax-no wpr-sticky-section-no\" data-id=\"9fdd93e\" data-element_type=\"section\" data-settings=\"{&quot;background_background&quot;:&quot;classic&quot;}\">\n\t\t\t\t\t\t\t<div class=\"elementor-background-overlay\"><\/div>\n\t\t\t\t\t\t\t<div class=\"elementor-container elementor-column-gap-default\">\n\t\t\t\t\t<div class=\"elementor-column elementor-col-100 elementor-top-column elementor-element elementor-element-6c0f77a\" data-id=\"6c0f77a\" data-element_type=\"column\">\n\t\t\t<div class=\"elementor-widget-wrap elementor-element-populated\">\n\t\t\t\t\t\t\t\t<div class=\"elementor-element elementor-element-f46e7a3 elementor-widget elementor-widget-heading\" data-id=\"f46e7a3\" data-element_type=\"widget\" data-widget_type=\"heading.default\">\n\t\t\t\t<div class=\"elementor-widget-container\">\n\t\t\t<style>\/*! elementor - v3.17.0 - 25-10-2023 *\/\n.elementor-heading-title{padding:0;margin:0;line-height:1}.elementor-widget-heading .elementor-heading-title[class*=elementor-size-]>a{color:inherit;font-size:inherit;line-height:inherit}.elementor-widget-heading .elementor-heading-title.elementor-size-small{font-size:15px}.elementor-widget-heading .elementor-heading-title.elementor-size-medium{font-size:19px}.elementor-widget-heading .elementor-heading-title.elementor-size-large{font-size:29px}.elementor-widget-heading .elementor-heading-title.elementor-size-xl{font-size:39px}.elementor-widget-heading .elementor-heading-title.elementor-size-xxl{font-size:59px}<\/style><h2 class=\"elementor-heading-title elementor-size-default\">M\u00f3dulo Comercial<\/h2>\t\t<\/div>\n\t\t\t\t<\/div>\n\t\t\t\t\t<\/div>\n\t\t<\/div>\n\t\t\t\t\t\t\t<\/div>\n\t\t<\/section>\n\t\t\t\t<section class=\"elementor-section elementor-top-section elementor-element elementor-element-0d964b0 elementor-section-boxed elementor-section-height-default elementor-section-height-default wpr-particle-no wpr-jarallax-no wpr-parallax-no wpr-sticky-section-no\" data-id=\"0d964b0\" data-element_type=\"section\">\n\t\t\t\t\t\t<div class=\"elementor-container elementor-column-gap-default\">\n\t\t\t\t\t<div class=\"elementor-column elementor-col-100 elementor-top-column elementor-element elementor-element-da162c6\" data-id=\"da162c6\" data-element_type=\"column\">\n\t\t\t<div class=\"elementor-widget-wrap elementor-element-populated\">\n\t\t\t\t\t\t\t\t<div class=\"elementor-element elementor-element-64f54d5 elementor-widget elementor-widget-html\" data-id=\"64f54d5\" data-element_type=\"widget\" data-widget_type=\"html.default\">\n\t\t\t\t<div class=\"elementor-widget-container\">\n\t\t\t<button class=\"btn-voltar\" onclick=\"history.back()\">\u2190 Voltar<\/button>\n\n<style>\n    .btn-voltar {\n        padding: 10px 15px;\n        background-color: #047cbc;\n        color: white;\n        border: none;\n        cursor: pointer;\n        border-radius: 5px;\n        font-size: 16px;\n    }\n\n    .btn-voltar:hover {\n        background-color: #005177;\n    }\n<\/style>\t\t<\/div>\n\t\t\t\t<\/div>\n\t\t\t\t<div class=\"elementor-element elementor-element-47e4a33 wpr-grid-columns-3 wpr-grid-columns--tablet2 wpr-grid-columns--mobile1 wpr-grid-pagination-center wpr-item-styles-inner elementor-widget elementor-widget-wpr-grid\" data-id=\"47e4a33\" data-element_type=\"widget\" data-widget_type=\"wpr-grid.default\">\n\t\t\t\t<div class=\"elementor-widget-container\">\n\t\t\t<ul class=\"wpr-grid-filters elementor-clearfix wpr-grid-filters-sep-right\"><li class=\" wpr-pointer-none wpr-pointer-line-fx wpr-pointer-fx-none\"><span data-filter=\"*\" class=\"wpr-active-filter \">Todos os Posts<\/span><em class=\"wpr-grid-filters-sep\"><\/em><\/li><li class=\" wpr-pointer-none wpr-pointer-line-fx wpr-pointer-fx-none\"><span  data-filter=\".tag-vendas\">Vendas<\/span><em class=\"wpr-grid-filters-sep\"><\/em><\/li><li class=\" wpr-pointer-none wpr-pointer-line-fx wpr-pointer-fx-none\"><span  data-filter=\".tag-relatorios\">Relat\u00f3rios<\/span><em class=\"wpr-grid-filters-sep\"><\/em><\/li><li class=\" wpr-pointer-none wpr-pointer-line-fx wpr-pointer-fx-none\"><span  data-filter=\".tag-pre-vendas\">Pr\u00e9-vendas<\/span><em class=\"wpr-grid-filters-sep\"><\/em><\/li><li class=\" wpr-pointer-none wpr-pointer-line-fx wpr-pointer-fx-none\"><span  data-filter=\".tag-parametros\">Par\u00e2metros<\/span><em class=\"wpr-grid-filters-sep\"><\/em><\/li><li class=\" wpr-pointer-none wpr-pointer-line-fx wpr-pointer-fx-none\"><span  data-filter=\".tag-orcamentos\">Or\u00e7amentos<\/span><em class=\"wpr-grid-filters-sep\"><\/em><\/li><li class=\" wpr-pointer-none wpr-pointer-line-fx wpr-pointer-fx-none\"><span  data-filter=\".tag-consultas\">Consultas<\/span><em class=\"wpr-grid-filters-sep\"><\/em><\/li><li class=\" wpr-pointer-none wpr-pointer-line-fx wpr-pointer-fx-none\"><span  data-filter=\".tag-compras\">Compras<\/span><em class=\"wpr-grid-filters-sep\"><\/em><\/li><\/ul><section class=\"wpr-grid elementor-clearfix\" data-settings=\"{&quot;layout&quot;:&quot;fitRows&quot;,&quot;stick_last_element_to_bottom&quot;:&quot;&quot;,&quot;columns_desktop&quot;:3,&quot;gutter_hr&quot;:15,&quot;gutter_hr_mobile&quot;:15,&quot;gutter_hr_mobile_extra&quot;:15,&quot;gutter_hr_tablet&quot;:15,&quot;gutter_hr_tablet_extra&quot;:15,&quot;gutter_hr_laptop&quot;:15,&quot;gutter_hr_widescreen&quot;:15,&quot;gutter_vr&quot;:15,&quot;gutter_vr_mobile&quot;:15,&quot;gutter_vr_mobile_extra&quot;:15,&quot;gutter_vr_tablet&quot;:15,&quot;gutter_vr_tablet_extra&quot;:15,&quot;gutter_vr_laptop&quot;:15,&quot;gutter_vr_widescreen&quot;:15,&quot;animation&quot;:&quot;default&quot;,&quot;animation_duration&quot;:0.3,&quot;animation_delay&quot;:0.1,&quot;deeplinking&quot;:&quot;&quot;,&quot;filters_linkable&quot;:&quot;no&quot;,&quot;filters_default_filter&quot;:&quot;&quot;,&quot;filters_count&quot;:&quot;&quot;,&quot;filters_hide_empty&quot;:&quot;no&quot;,&quot;filters_animation&quot;:&quot;default&quot;,&quot;filters_animation_duration&quot;:0.3,&quot;filters_animation_delay&quot;:0.1,&quot;pagination_type&quot;:&quot;load-more&quot;,&quot;pagination_max_pages&quot;:5,&quot;lightbox&quot;:{&quot;selector&quot;:&quot;.wpr-grid-image-wrap&quot;,&quot;iframeMaxWidth&quot;:&quot;60%&quot;,&quot;hash&quot;:false,&quot;autoplay&quot;:&quot;true&quot;,&quot;pause&quot;:5000,&quot;progressBar&quot;:&quot;true&quot;,&quot;counter&quot;:&quot;true&quot;,&quot;controls&quot;:&quot;true&quot;,&quot;getCaptionFromTitleOrAlt&quot;:&quot;true&quot;,&quot;thumbnail&quot;:&quot;&quot;,&quot;showThumbByDefault&quot;:&quot;&quot;,&quot;share&quot;:&quot;&quot;,&quot;zoom&quot;:&quot;true&quot;,&quot;fullScreen&quot;:&quot;true&quot;,&quot;download&quot;:&quot;true&quot;}}\"><article class=\"wpr-grid-item elementor-clearfix post-2252 post type-post status-publish format-standard hentry category-pdv category-pedidos-e-vendas tag-orcamentos\"><div class=\"wpr-grid-item-inner\"><div class=\"wpr-grid-item-below-content elementor-clearfix\"><h2 class=\"wpr-grid-item-title elementor-repeater-item-7291167 wpr-grid-item-display-block wpr-grid-item-align-left wpr-pointer-none wpr-pointer-line-fx wpr-pointer-fx-fade\"><div class=\"inner-block\"><a target=\"_self\"  href=\"https:\/\/www.nextcompany.com.br\/base-wcompany\/como-faturar-um-orcamento-utilizando-o-ipdv\/\">Como faturar um or\u00e7amento utilizando o iPDV<\/a><\/div><\/h2><div class=\"wpr-grid-item-date elementor-repeater-item-277096f wpr-grid-item-display-inline wpr-grid-item-align-left\"><div class=\"inner-block\"><span>8 de fevereiro de 2025<span class=\"wpr-grid-extra-text-right\">\/<\/span><\/span><\/div><\/div><div class=\"wpr-grid-item-comments elementor-repeater-item-69df0d7 wpr-grid-item-display-inline wpr-grid-item-align-left\"><div class=\"inner-block\"><a href=\"https:\/\/www.nextcompany.com.br\/base-wcompany\/como-faturar-um-orcamento-utilizando-o-ipdv\/#respond\"><span>No Comments<\/span><\/a><\/div><\/div><div class=\"wpr-grid-item-excerpt elementor-repeater-item-bbf9748 wpr-grid-item-display-block wpr-grid-item-align-left\"><div class=\"inner-block\"><p>Para que possamos est\u00e1 faturando um or\u00e7amento, \u00e9 necess\u00e1rio gerar uma novo or\u00e7amento, ap\u00f3s isso realize o login no iPDV.&hellip;<\/p><\/div><\/div><div class=\"wpr-grid-item-read-more elementor-repeater-item-1691da0 wpr-grid-item-display-block wpr-grid-item-align-left\"><div class=\"inner-block\"><a target=\"_self\" href=\"https:\/\/www.nextcompany.com.br\/base-wcompany\/como-faturar-um-orcamento-utilizando-o-ipdv\/\" class=\"wpr-button-effect wpr-button-none\"><span>Saiba Mais...<\/span><\/a><\/div><\/div><\/div><\/div><\/article><article class=\"wpr-grid-item elementor-clearfix post-2228 post type-post status-publish format-standard hentry category-pedidos-e-vendas tag-orcamentos\"><div class=\"wpr-grid-item-inner\"><div class=\"wpr-grid-item-below-content elementor-clearfix\"><h2 class=\"wpr-grid-item-title elementor-repeater-item-7291167 wpr-grid-item-display-block wpr-grid-item-align-left wpr-pointer-none wpr-pointer-line-fx wpr-pointer-fx-fade\"><div class=\"inner-block\"><a target=\"_self\"  href=\"https:\/\/www.nextcompany.com.br\/base-wcompany\/gerando-um-novo-orcamento\/\">Gerando um novo or\u00e7amento<\/a><\/div><\/h2><div class=\"wpr-grid-item-date elementor-repeater-item-277096f wpr-grid-item-display-inline wpr-grid-item-align-left\"><div class=\"inner-block\"><span>3 de fevereiro de 2025<span class=\"wpr-grid-extra-text-right\">\/<\/span><\/span><\/div><\/div><div class=\"wpr-grid-item-comments elementor-repeater-item-69df0d7 wpr-grid-item-display-inline wpr-grid-item-align-left\"><div class=\"inner-block\"><a href=\"https:\/\/www.nextcompany.com.br\/base-wcompany\/gerando-um-novo-orcamento\/#respond\"><span>No Comments<\/span><\/a><\/div><\/div><div class=\"wpr-grid-item-excerpt elementor-repeater-item-bbf9748 wpr-grid-item-display-block wpr-grid-item-align-left\"><div class=\"inner-block\"><p>Para come\u00e7ar a rotina de or\u00e7amento \u00e9 necess\u00e1rio entender como gerar um novo or\u00e7amento, para isso v\u00e1 at\u00e9 a tela&hellip;<\/p><\/div><\/div><div class=\"wpr-grid-item-read-more elementor-repeater-item-1691da0 wpr-grid-item-display-block wpr-grid-item-align-left\"><div class=\"inner-block\"><a target=\"_self\" href=\"https:\/\/www.nextcompany.com.br\/base-wcompany\/gerando-um-novo-orcamento\/\" class=\"wpr-button-effect wpr-button-none\"><span>Saiba Mais...<\/span><\/a><\/div><\/div><\/div><\/div><\/article><article class=\"wpr-grid-item elementor-clearfix post-2360 post type-post status-publish format-standard hentry category-compras category-pedidos-e-vendas tag-relatorios\"><div class=\"wpr-grid-item-inner\"><div class=\"wpr-grid-item-below-content elementor-clearfix\"><h2 class=\"wpr-grid-item-title elementor-repeater-item-7291167 wpr-grid-item-display-block wpr-grid-item-align-left wpr-pointer-none wpr-pointer-line-fx wpr-pointer-fx-fade\"><div class=\"inner-block\"><a target=\"_self\"  href=\"https:\/\/www.nextcompany.com.br\/base-wcompany\/gerando-acumulo-mensal-de-compras-e-vendas\/\">Como gerar Acumulo mensal de compras e vendas<\/a><\/div><\/h2><div class=\"wpr-grid-item-date elementor-repeater-item-277096f wpr-grid-item-display-inline wpr-grid-item-align-left\"><div class=\"inner-block\"><span>24 de janeiro de 2025<span class=\"wpr-grid-extra-text-right\">\/<\/span><\/span><\/div><\/div><div class=\"wpr-grid-item-comments elementor-repeater-item-69df0d7 wpr-grid-item-display-inline wpr-grid-item-align-left\"><div class=\"inner-block\"><a href=\"https:\/\/www.nextcompany.com.br\/base-wcompany\/gerando-acumulo-mensal-de-compras-e-vendas\/#respond\"><span>No Comments<\/span><\/a><\/div><\/div><div class=\"wpr-grid-item-excerpt elementor-repeater-item-bbf9748 wpr-grid-item-display-block wpr-grid-item-align-left\"><div class=\"inner-block\"><p>Para gerar o acumulo mensal de compras e vendas, \u00e9 necess\u00e1rio que, primeiro v\u00e1 at\u00e9 a tela &#8220;156. Cadastro de&hellip;<\/p><\/div><\/div><div class=\"wpr-grid-item-read-more elementor-repeater-item-1691da0 wpr-grid-item-display-block wpr-grid-item-align-left\"><div class=\"inner-block\"><a target=\"_self\" href=\"https:\/\/www.nextcompany.com.br\/base-wcompany\/gerando-acumulo-mensal-de-compras-e-vendas\/\" class=\"wpr-button-effect wpr-button-none\"><span>Saiba Mais...<\/span><\/a><\/div><\/div><\/div><\/div><\/article><article class=\"wpr-grid-item elementor-clearfix post-2337 post type-post status-publish format-standard hentry category-compras category-produtos-e-estoque tag-relatorios\"><div class=\"wpr-grid-item-inner\"><div class=\"wpr-grid-item-below-content elementor-clearfix\"><h2 class=\"wpr-grid-item-title elementor-repeater-item-7291167 wpr-grid-item-display-block wpr-grid-item-align-left wpr-pointer-none wpr-pointer-line-fx wpr-pointer-fx-fade\"><div class=\"inner-block\"><a target=\"_self\"  href=\"https:\/\/www.nextcompany.com.br\/base-wcompany\/gerando-relatorio-de-compras-por-produto\/\">Como gerar relat\u00f3rio de compras por produto<\/a><\/div><\/h2><div class=\"wpr-grid-item-date elementor-repeater-item-277096f wpr-grid-item-display-inline wpr-grid-item-align-left\"><div class=\"inner-block\"><span>23 de janeiro de 2025<span class=\"wpr-grid-extra-text-right\">\/<\/span><\/span><\/div><\/div><div class=\"wpr-grid-item-comments elementor-repeater-item-69df0d7 wpr-grid-item-display-inline wpr-grid-item-align-left\"><div class=\"inner-block\"><a href=\"https:\/\/www.nextcompany.com.br\/base-wcompany\/gerando-relatorio-de-compras-por-produto\/#respond\"><span>No Comments<\/span><\/a><\/div><\/div><div class=\"wpr-grid-item-excerpt elementor-repeater-item-bbf9748 wpr-grid-item-display-block wpr-grid-item-align-left\"><div class=\"inner-block\"><p>Dentro do sistema \u00e9 poss\u00edvel encontrar a op\u00e7\u00e3o de gerar um relat\u00f3rio de compras por produto. Para gerar um novo&hellip;<\/p><\/div><\/div><div class=\"wpr-grid-item-read-more elementor-repeater-item-1691da0 wpr-grid-item-display-block wpr-grid-item-align-left\"><div class=\"inner-block\"><a target=\"_self\" href=\"https:\/\/www.nextcompany.com.br\/base-wcompany\/gerando-relatorio-de-compras-por-produto\/\" class=\"wpr-button-effect wpr-button-none\"><span>Saiba Mais...<\/span><\/a><\/div><\/div><\/div><\/div><\/article><article class=\"wpr-grid-item elementor-clearfix post-2233 post type-post status-publish format-standard hentry category-pdv tag-orcamentos\"><div class=\"wpr-grid-item-inner\"><div class=\"wpr-grid-item-below-content elementor-clearfix\"><h2 class=\"wpr-grid-item-title elementor-repeater-item-7291167 wpr-grid-item-display-block wpr-grid-item-align-left wpr-pointer-none wpr-pointer-line-fx wpr-pointer-fx-fade\"><div class=\"inner-block\"><a target=\"_self\"  href=\"https:\/\/www.nextcompany.com.br\/base-wcompany\/faturando-o-orcamento-atraves-do-ipdv\/\">Faturando o or\u00e7amento atrav\u00e9s do iPDV<\/a><\/div><\/h2><div class=\"wpr-grid-item-date elementor-repeater-item-277096f wpr-grid-item-display-inline wpr-grid-item-align-left\"><div class=\"inner-block\"><span>23 de janeiro de 2025<span class=\"wpr-grid-extra-text-right\">\/<\/span><\/span><\/div><\/div><div class=\"wpr-grid-item-comments elementor-repeater-item-69df0d7 wpr-grid-item-display-inline wpr-grid-item-align-left\"><div class=\"inner-block\"><a href=\"https:\/\/www.nextcompany.com.br\/base-wcompany\/faturando-o-orcamento-atraves-do-ipdv\/#respond\"><span>No Comments<\/span><\/a><\/div><\/div><div class=\"wpr-grid-item-excerpt elementor-repeater-item-bbf9748 wpr-grid-item-display-block wpr-grid-item-align-left\"><div class=\"inner-block\"><p>Para realizarmos a fatura do or\u00e7amento utilizando o iPDV primeiro precisamos realizar o login no sistema, ap\u00f3s logado no sistema,&hellip;<\/p><\/div><\/div><div class=\"wpr-grid-item-read-more elementor-repeater-item-1691da0 wpr-grid-item-display-block wpr-grid-item-align-left\"><div class=\"inner-block\"><a target=\"_self\" href=\"https:\/\/www.nextcompany.com.br\/base-wcompany\/faturando-o-orcamento-atraves-do-ipdv\/\" class=\"wpr-button-effect wpr-button-none\"><span>Saiba Mais...<\/span><\/a><\/div><\/div><\/div><\/div><\/article><article class=\"wpr-grid-item elementor-clearfix post-2258 post type-post status-publish format-standard hentry category-instalacao tag-orcamentos tag-parametros\"><div class=\"wpr-grid-item-inner\"><div class=\"wpr-grid-item-below-content elementor-clearfix\"><h2 class=\"wpr-grid-item-title elementor-repeater-item-7291167 wpr-grid-item-display-block wpr-grid-item-align-left wpr-pointer-none wpr-pointer-line-fx wpr-pointer-fx-fade\"><div class=\"inner-block\"><a target=\"_self\"  href=\"https:\/\/www.nextcompany.com.br\/base-wcompany\/parametros-de-orcamento\/\">Par\u00e2metros de or\u00e7amento<\/a><\/div><\/h2><div class=\"wpr-grid-item-date elementor-repeater-item-277096f wpr-grid-item-display-inline wpr-grid-item-align-left\"><div class=\"inner-block\"><span>23 de janeiro de 2025<span class=\"wpr-grid-extra-text-right\">\/<\/span><\/span><\/div><\/div><div class=\"wpr-grid-item-comments elementor-repeater-item-69df0d7 wpr-grid-item-display-inline wpr-grid-item-align-left\"><div class=\"inner-block\"><a href=\"https:\/\/www.nextcompany.com.br\/base-wcompany\/parametros-de-orcamento\/#respond\"><span>No Comments<\/span><\/a><\/div><\/div><div class=\"wpr-grid-item-excerpt elementor-repeater-item-bbf9748 wpr-grid-item-display-block wpr-grid-item-align-left\"><div class=\"inner-block\"><p>Podemos encontrar e modificar os par\u00e2metros de sistema, atrav\u00e9s da tela de c\u00f3digo 512. par\u00e2metros &#8211; icomp.init, l\u00e1 podemos buscar&hellip;<\/p><\/div><\/div><div class=\"wpr-grid-item-read-more elementor-repeater-item-1691da0 wpr-grid-item-display-block wpr-grid-item-align-left\"><div class=\"inner-block\"><a target=\"_self\" href=\"https:\/\/www.nextcompany.com.br\/base-wcompany\/parametros-de-orcamento\/\" class=\"wpr-button-effect wpr-button-none\"><span>Saiba Mais...<\/span><\/a><\/div><\/div><\/div><\/div><\/article><article class=\"wpr-grid-item elementor-clearfix post-2284 post type-post status-publish format-standard hentry category-compras category-produtos-e-estoque tag-consultas\"><div class=\"wpr-grid-item-inner\"><div class=\"wpr-grid-item-below-content elementor-clearfix\"><h2 class=\"wpr-grid-item-title elementor-repeater-item-7291167 wpr-grid-item-display-block wpr-grid-item-align-left wpr-pointer-none wpr-pointer-line-fx wpr-pointer-fx-fade\"><div class=\"inner-block\"><a target=\"_self\"  href=\"https:\/\/www.nextcompany.com.br\/base-wcompany\/consultando-compras-por-produtos\/\">Como consultar compras por produtos<\/a><\/div><\/h2><div class=\"wpr-grid-item-date elementor-repeater-item-277096f wpr-grid-item-display-inline wpr-grid-item-align-left\"><div class=\"inner-block\"><span>20 de janeiro de 2025<span class=\"wpr-grid-extra-text-right\">\/<\/span><\/span><\/div><\/div><div class=\"wpr-grid-item-comments elementor-repeater-item-69df0d7 wpr-grid-item-display-inline wpr-grid-item-align-left\"><div class=\"inner-block\"><a href=\"https:\/\/www.nextcompany.com.br\/base-wcompany\/consultando-compras-por-produtos\/#respond\"><span>No Comments<\/span><\/a><\/div><\/div><div class=\"wpr-grid-item-excerpt elementor-repeater-item-bbf9748 wpr-grid-item-display-block wpr-grid-item-align-left\"><div class=\"inner-block\"><p>Dentro do sistema pode-se encontrar a tela Compras por produto, tela onde \u00e9 gerado relat\u00f3rios de compras realizadas. Esse relat\u00f3rio&hellip;<\/p><\/div><\/div><div class=\"wpr-grid-item-read-more elementor-repeater-item-1691da0 wpr-grid-item-display-block wpr-grid-item-align-left\"><div class=\"inner-block\"><a target=\"_self\" href=\"https:\/\/www.nextcompany.com.br\/base-wcompany\/consultando-compras-por-produtos\/\" class=\"wpr-button-effect wpr-button-none\"><span>Saiba Mais...<\/span><\/a><\/div><\/div><\/div><\/div><\/article><article class=\"wpr-grid-item elementor-clearfix post-2275 post type-post status-publish format-standard hentry category-pedidos-e-vendas category-produtos-e-estoque tag-relatorios\"><div class=\"wpr-grid-item-inner\"><div class=\"wpr-grid-item-below-content elementor-clearfix\"><h2 class=\"wpr-grid-item-title elementor-repeater-item-7291167 wpr-grid-item-display-block wpr-grid-item-align-left wpr-pointer-none wpr-pointer-line-fx wpr-pointer-fx-fade\"><div class=\"inner-block\"><a target=\"_self\"  href=\"https:\/\/www.nextcompany.com.br\/base-wcompany\/relatorio-de-vendas-por-produtos\/\">Como gerar relat\u00f3rio de vendas por produtos<\/a><\/div><\/h2><div class=\"wpr-grid-item-date elementor-repeater-item-277096f wpr-grid-item-display-inline wpr-grid-item-align-left\"><div class=\"inner-block\"><span>20 de janeiro de 2025<span class=\"wpr-grid-extra-text-right\">\/<\/span><\/span><\/div><\/div><div class=\"wpr-grid-item-comments elementor-repeater-item-69df0d7 wpr-grid-item-display-inline wpr-grid-item-align-left\"><div class=\"inner-block\"><a href=\"https:\/\/www.nextcompany.com.br\/base-wcompany\/relatorio-de-vendas-por-produtos\/#respond\"><span>No Comments<\/span><\/a><\/div><\/div><div class=\"wpr-grid-item-excerpt elementor-repeater-item-bbf9748 wpr-grid-item-display-block wpr-grid-item-align-left\"><div class=\"inner-block\"><p>Para poder gerar esse relat\u00f3rio voc\u00ea deve ir at\u00e9 a tela 1461.Vendas por Produtos, voc\u00ea poder\u00e1 utilizar o campo de&hellip;<\/p><\/div><\/div><div class=\"wpr-grid-item-read-more elementor-repeater-item-1691da0 wpr-grid-item-display-block wpr-grid-item-align-left\"><div class=\"inner-block\"><a target=\"_self\" href=\"https:\/\/www.nextcompany.com.br\/base-wcompany\/relatorio-de-vendas-por-produtos\/\" class=\"wpr-button-effect wpr-button-none\"><span>Saiba Mais...<\/span><\/a><\/div><\/div><\/div><\/div><\/article><article class=\"wpr-grid-item elementor-clearfix post-2273 post type-post status-publish format-standard hentry category-instalacao category-produtos-e-estoque tag-parametros\"><div class=\"wpr-grid-item-inner\"><div class=\"wpr-grid-item-below-content elementor-clearfix\"><h2 class=\"wpr-grid-item-title elementor-repeater-item-7291167 wpr-grid-item-display-block wpr-grid-item-align-left wpr-pointer-none wpr-pointer-line-fx wpr-pointer-fx-fade\"><div class=\"inner-block\"><a target=\"_self\"  href=\"https:\/\/www.nextcompany.com.br\/base-wcompany\/parametros-de-produto\/\">Par\u00e2metros de produto<\/a><\/div><\/h2><div class=\"wpr-grid-item-date elementor-repeater-item-277096f wpr-grid-item-display-inline wpr-grid-item-align-left\"><div class=\"inner-block\"><span>20 de janeiro de 2025<span class=\"wpr-grid-extra-text-right\">\/<\/span><\/span><\/div><\/div><div class=\"wpr-grid-item-comments elementor-repeater-item-69df0d7 wpr-grid-item-display-inline wpr-grid-item-align-left\"><div class=\"inner-block\"><a href=\"https:\/\/www.nextcompany.com.br\/base-wcompany\/parametros-de-produto\/#respond\"><span>No Comments<\/span><\/a><\/div><\/div><div class=\"wpr-grid-item-excerpt elementor-repeater-item-bbf9748 wpr-grid-item-display-block wpr-grid-item-align-left\"><div class=\"inner-block\"><p>Dentro do sistema temos in\u00fameros par\u00e2metros que podem ser modificado pensando em tornar uma experiencia mais agrad\u00e1vel para o usu\u00e1rio.&hellip;<\/p><\/div><\/div><div class=\"wpr-grid-item-read-more elementor-repeater-item-1691da0 wpr-grid-item-display-block wpr-grid-item-align-left\"><div class=\"inner-block\"><a target=\"_self\" href=\"https:\/\/www.nextcompany.com.br\/base-wcompany\/parametros-de-produto\/\" class=\"wpr-button-effect wpr-button-none\"><span>Saiba Mais...<\/span><\/a><\/div><\/div><\/div><\/div><\/article><\/section><div class=\"wpr-grid-pagination elementor-clearfix wpr-grid-pagination-load-more\"><a href=\"https:\/\/www.nextcompany.com.br\/base-wcompany\/wp-json\/wp\/v2\/pages\/2687\/page\/2\/\" class=\"wpr-load-more-btn\" data-e-disable-page-transition >Load More<\/a><div class=\"wpr-pagination-loading\"><div class=\"wpr-double-bounce\"><div class=\"wpr-child wpr-double-bounce1\"><\/div><div class=\"wpr-child wpr-double-bounce2\"><\/div><\/div><\/div><p class=\"wpr-pagination-finish\">End of Content.<\/p><\/div>\t\t<\/div>\n\t\t\t\t<\/div>\n\t\t\t\t\t<\/div>\n\t\t<\/div>\n\t\t\t\t\t\t\t<\/div>\n\t\t<\/section>\n\t\t\t\t\t\t\t<\/div>\n\t\t","protected":false},"excerpt":{"rendered":"<p>M\u00f3dulo Comercial \u2190 Voltar Todos os Posts Vendas Relat\u00f3rios Pr\u00e9-vendas Par\u00e2metros Or\u00e7amentos Consultas Compras Como faturar um or\u00e7amento utilizando o iPDV 8 de fevereiro de 2025\/No Comments Para que possamos est\u00e1 faturando um or\u00e7amento, \u00e9 necess\u00e1rio gerar uma novo or\u00e7amento, ap\u00f3s isso realize o login no iPDV.&hellip; Saiba Mais&#8230; Gerando um novo or\u00e7amento 3 de [&hellip;]<\/p>\n","protected":false},"author":9,"featured_media":0,"parent":0,"menu_order":0,"comment_status":"closed","ping_status":"closed","template":"elementor_header_footer","meta":{"footnotes":""},"class_list":["post-2687","page","type-page","status-publish","hentry"],"_links":{"self":[{"href":"https:\/\/www.nextcompany.com.br\/base-wcompany\/wp-json\/wp\/v2\/pages\/2687","targetHints":{"allow":["GET"]}}],"collection":[{"href":"https:\/\/www.nextcompany.com.br\/base-wcompany\/wp-json\/wp\/v2\/pages"}],"about":[{"href":"https:\/\/www.nextcompany.com.br\/base-wcompany\/wp-json\/wp\/v2\/types\/page"}],"author":[{"embeddable":true,"href":"https:\/\/www.nextcompany.com.br\/base-wcompany\/wp-json\/wp\/v2\/users\/9"}],"replies":[{"embeddable":true,"href":"https:\/\/www.nextcompany.com.br\/base-wcompany\/wp-json\/wp\/v2\/comments?post=2687"}],"version-history":[{"count":10,"href":"https:\/\/www.nextcompany.com.br\/base-wcompany\/wp-json\/wp\/v2\/pages\/2687\/revisions"}],"predecessor-version":[{"id":2764,"href":"https:\/\/www.nextcompany.com.br\/base-wcompany\/wp-json\/wp\/v2\/pages\/2687\/revisions\/2764"}],"wp:attachment":[{"href":"https:\/\/www.nextcompany.com.br\/base-wcompany\/wp-json\/wp\/v2\/media?parent=2687"}],"curies":[{"name":"wp","href":"https:\/\/api.w.org\/{rel}","templated":true}]}}